{"id":186,"date":"2016-08-25T09:36:33","date_gmt":"2016-08-25T09:36:33","guid":{"rendered":"http:\/\/localhost\/wordpress\/event\/?page_id=186"},"modified":"2025-02-16T22:59:43","modified_gmt":"2025-02-16T19:59:43","slug":"contact-us","status":"publish","type":"page","link":"https:\/\/icotfl2025.org\/?page_id=186","title":{"rendered":"\u0130leti\u015fim\/Contact"},"content":{"rendered":"<div class=\"wpb-content-wrapper\"><p>[vc_row][vc_column][vc_column_text css=&#8221;&#8221;]<strong>E-posta\/E-mail:<\/strong> iletisim@icotfl2025.org<\/p>\n<p><strong>Kongre Adresi:<\/strong> \u00c7anakkale Onsekiz Mart \u00dcniversitesi, Terizo\u011flu Kamp\u00fcs\u00fc, Troia K\u00fclt\u00fcr Merkezi, \u00c7anakkale<\/p>\n<p><strong>Congress address:<\/strong> \u00c7anakkale OnSekiz Mart University, Terzio\u011flu Campus Area, Troia Cultural Center, \u00c7anakkale[\/vc_column_text][vc_gmaps link=&#8221;#E-8_JTNDaWZyYW1lJTIwc3JjJTNEJTIyaHR0cHMlM0ElMkYlMkZ3d3cuZ29vZ2xlLmNvbSUyRm1hcHMlMkZlbWJlZCUzRnBiJTNEJTIxMW0xOCUyMTFtMTIlMjExbTMlMjExZDM2OTEuMTE5MTc0MzU4NjY3JTIxMmQyNi40MTY3MTE5NzY0NDcyMTglMjEzZDQwLjExMDM5NDQ3NDIyNjM4JTIxMm0zJTIxMWYwJTIxMmYwJTIxM2YwJTIxM20yJTIxMWkxMDI0JTIxMmk3NjglMjE0ZjEzLjElMjEzbTMlMjExbTIlMjExczB4MTRiMWFhMDBhYTNlMmJjZiUyNTNBMHg3ZjljZjViYjUxYzllYzI0JTIxMnNUcm9pYSUyNTIwS3VsdHVyJTI1MjBNZXJrZXppJTIxNWUxJTIxM20yJTIxMXN0ciUyMTJzdHIlMjE0djE3MzczNjg1MTg4MTklMjE1bTIlMjExc3RyJTIxMnN0ciUyMiUyMHdpZHRoJTNEJTIyNjAwJTIyJTIwaGVpZ2h0JTNEJTIyNDUwJTIyJTIwZnJhbWVib3JkZXIlM0QlMjIwJTIyJTIwc3R5bGUlM0QlMjJib3JkZXIlM0EwJTIyJTIwYWxsb3dmdWxsc2NyZWVuJTNFJTNDJTJGaWZyYW1lJTNF&#8221; css=&#8221;&#8221;][\/vc_column][\/vc_row]<\/p>\n<\/div>","protected":false},"excerpt":{"rendered":"<p>[vc_row][vc_column][vc_column_text css=&#8221;&#8221;]E-posta\/E-mail: iletisim@icotfl2025.org Kongre Adresi: \u00c7anakkale Onsekiz Mart \u00dcniversitesi, Terizo\u011flu Kamp\u00fcs\u00fc, Troia K\u00fclt\u00fcr Merkezi, \u00c7anakkale Congress address: \u00c7anakkale OnSekiz Mart&hellip; <\/p>\n","protected":false},"author":1,"featured_media":0,"parent":0,"menu_order":0,"comment_status":"closed","ping_status":"closed","template":"page-templates\/contact-template.php","meta":{"footnotes":""},"class_list":["post-186","page","type-page","status-publish","hentry"],"builder_content":"","_links":{"self":[{"href":"https:\/\/icotfl2025.org\/index.php?rest_route=\/wp\/v2\/pages\/186","targetHints":{"allow":["GET"]}}],"collection":[{"href":"https:\/\/icotfl2025.org\/index.php?rest_route=\/wp\/v2\/pages"}],"about":[{"href":"https:\/\/icotfl2025.org\/index.php?rest_route=\/wp\/v2\/types\/page"}],"author":[{"embeddable":true,"href":"https:\/\/icotfl2025.org\/index.php?rest_route=\/wp\/v2\/users\/1"}],"replies":[{"embeddable":true,"href":"https:\/\/icotfl2025.org\/index.php?rest_route=%2Fwp%2Fv2%2Fcomments&post=186"}],"version-history":[{"count":4,"href":"https:\/\/icotfl2025.org\/index.php?rest_route=\/wp\/v2\/pages\/186\/revisions"}],"predecessor-version":[{"id":661,"href":"https:\/\/icotfl2025.org\/index.php?rest_route=\/wp\/v2\/pages\/186\/revisions\/661"}],"wp:attachment":[{"href":"https:\/\/icotfl2025.org\/index.php?rest_route=%2Fwp%2Fv2%2Fmedia&parent=186"}],"curies":[{"name":"wp","href":"https:\/\/api.w.org\/{rel}","templated":true}]}}