{"id":414,"date":"2025-01-20T13:06:08","date_gmt":"2025-01-20T10:06:08","guid":{"rendered":"https:\/\/icotfl2025.org\/?page_id=414"},"modified":"2025-09-11T16:13:14","modified_gmt":"2025-09-11T13:13:14","slug":"davet","status":"publish","type":"page","link":"https:\/\/icotfl2025.org\/?page_id=414","title":{"rendered":"Davet\/Invitation to Congress"},"content":{"rendered":"<!-- wp:themify-builder\/canvas \/-->","protected":false},"excerpt":{"rendered":"********************************************************************** Say\u0131n Kat\u0131l\u0131mc\u0131lar, Kongre \u00f6zet kitab\u0131, baz\u0131 sebeplerden dolay\u0131 planlanandan biraz ge\u00e7 olmakla birlikte, ge\u00e7ti\u011fimiz g\u00fcnlerde eri\u015fime a\u00e7\u0131lm\u0131\u015ft\u0131r. Gecikmeden dolay\u0131&hellip; ","protected":false},"author":1,"featured_media":0,"parent":0,"menu_order":0,"comment_status":"closed","ping_status":"closed","template":"","meta":{"footnotes":""},"class_list":["post-414","page","type-page","status-publish","hentry"],"builder_content":"<p style=\"text-align: center;\">**********************************************************************<\/p> <p style=\"text-align: center;\"><strong>Say\u0131n Kat\u0131l\u0131mc\u0131lar,<\/strong><\/p> <p style=\"text-align: center;\">Kongre \u00f6zet kitab\u0131, baz\u0131 sebeplerden dolay\u0131 planlanandan biraz ge\u00e7 olmakla birlikte, ge\u00e7ti\u011fimiz g\u00fcnlerde eri\u015fime a\u00e7\u0131lm\u0131\u015ft\u0131r. Gecikmeden dolay\u0131 \u00f6z\u00fcr dileriz. \u0130lgili kitaba a\u015fa\u011f\u0131daki ba\u011flant\u0131 \u00fczerinden ula\u015fabilirsiniz:<\/p> <p style=\"text-align: center;\"><a href=\"https:\/\/icotfl2025.org\/?p=890\">https:\/\/icotfl2025.org\/?p=890<\/a><\/p> <p style=\"text-align: center;\">Ayr\u0131ca, kongrenin web sayfas\u0131nda da belirtildi\u011fi \u00fczere, kongrede sunulan bildirilerini makale olarak yay\u0131mlatmak isteyen ara\u015ft\u0131rmac\u0131lar\u0131n \u00e7al\u0131\u015fmalar\u0131n\u0131 a\u015fa\u011f\u0131da belirtilen dergilerden birinin sistemine en ge\u00e7 1 Ekim 2025 tarihine kadar y\u00fcklemeleri ve s\u00fcreci ilgili derginin yaz\u0131m kurallar\u0131na g\u00f6re y\u00fcr\u00fctmeleri gerekmektedir:<\/p> <p style=\"text-align: center;\"><strong><a href=\"https:\/\/dergipark.org.tr\/tr\/pub\/ijotfl\">Uluslararas\u0131 Yabanc\u0131 Dil Olarak T\u00fcrk\u00e7e \u00d6\u011fretimi Dergisi<\/a><\/strong><\/p> <p style=\"text-align: center;\"><strong><a href=\"https:\/\/dergipark.org.tr\/tr\/pub\/saudil\">Sakarya Dil Dergisi<\/a><\/strong><\/p> <p style=\"text-align: center;\">\u00d6te yandan, bildirisini tam metin olarak yay\u0131nlatmak isteyenler i\u00e7in yeterli say\u0131ya ula\u015f\u0131lmas\u0131 durumunda kongre bildirilerinin tam metin kitab\u0131 da Aral\u0131k 2025\u2019e kadar haz\u0131rlanacakt\u0131r.<\/p> <p style=\"text-align: center;\">Tam metin veya dergi makalesi olarak kat\u0131l\u0131m say\u0131s\u0131n\u0131 belirlemek amac\u0131yla a\u015fa\u011f\u0131daki anketi 13.09.2025 tarihine kadar yan\u0131tlaman\u0131z\u0131 rica ederiz.<\/p> <p style=\"text-align: center;\"><a href=\"https:\/\/forms.gle\/fe9DR42KiXCXa2W59\">https:\/\/forms.gle\/fe9DR42KiXCXa2W59<\/a><\/p> <p style=\"text-align: center;\">**********************************************************************<\/p>\n<p><strong>Kongremize g\u00f6stermi\u015f oldu\u011funuz yo\u011fun ilgi ve destek i\u00e7in te\u015fekk\u00fcr ederiz. Kat\u0131l\u0131mc\u0131lardan gelen yo\u011fun talepler do\u011frultusunda kongre ba\u015fvuru s\u00fcresi uzat\u0131lm\u0131\u015f olup bu durum kongre program\u0131n\u0131n ilan\u0131nda k\u0131sa s\u00fcreli bir gecikme ya\u015fanmas\u0131na neden olmu\u015ftur.<\/strong><\/p> <p><strong>Kongre Program\u0131, bu hafta i\u00e7erisinde kongrenin resmi web sayfas\u0131 \u00fczerinden duyurulacakt\u0131r. Anlay\u0131\u015f\u0131n\u0131z i\u00e7in te\u015fekk\u00fcr ederiz. <\/strong><\/p> <p><strong>D\u00dcZENLEME\u00a0KURULU<\/strong><\/p>\n<p><strong>10. ULUSLARARASI YABANCI D\u0130L OLARAK T\u00dcRK\u00c7EN\u0130N \u00d6\u011eRET\u0130M\u0130 KONGRES\u0130<\/strong><\/p><p>De\u011ferli Meslekta\u015flar\u0131m\u0131z ve Ara\u015ft\u0131rmac\u0131lar<\/p><p>2015 y\u0131l\u0131ndan bu yana d\u00fcnyan\u0131n farkl\u0131 \u015fehirlerinde kesintisiz olarak d\u00fczenlenen Uluslararas\u0131 Yabanc\u0131 Dil Olarak T\u00fcrk\u00e7e \u00d6\u011fretimi Kongresi (International Congress of Teaching Turkish as a Foreign Language \u2013 ICOTFL)\u2019nin onuncusu \u00c7anakkale Onsekiz Mart \u00dcniversitesi T\u00fcrk\u00e7e \u00d6\u011fretimi Uygulama ve Ara\u015ft\u0131rma Merkezi ev sahipli\u011finde 2-4 May\u0131s 2025 tarihlerinde y\u00fcz y\u00fcze olarak d\u00fczenlenecektir. Sizleri bu anlaml\u0131 bulu\u015fmada aram\u0131zda g\u00f6rmekten b\u00fcy\u00fck onur ve mutluluk duyaca\u011f\u0131z.<\/p><p><strong>Kongrenin Ana Temas\u0131<\/strong> <strong>\/<\/strong><\/p><p>\u201cYabanc\u0131 Dil Olarak T\u00fcrk\u00e7enin \u00d6\u011fretiminde Standartla\u015fma, Akreditasyon, Kalite ve G\u00fcncel Sorunlar\u201d<\/p><p>Kongrede, belirlenen ana teman\u0131n yan\u0131 s\u0131ra; ana dili veya yabanc\u0131 dil olarak T\u00fcrk\u00e7e \u00f6\u011fretimi, T\u00fcrk dili, T\u00fcrk k\u00fclt\u00fcr\u00fc ve tarihi ile ilgili konulara \u00f6ncelik verilecektir<\/p><p><strong>Yay\u0131n olanaklar\u0131<\/strong><\/p><p>Kongrede kabul edilen bildiriler \u201cBildiri \u00d6zetleri Kitab\u0131(e-kitap)\u201d olarak yay\u0131nlanacak olup\u00a0sunulan ve kabul edilen bildirilerin tam metinleri, kat\u0131l\u0131mc\u0131lar\u0131n tercihi do\u011frultusunda\u00a0<strong>Uluslararas\u0131 Yabanc\u0131 Dil Olarak T\u00fcrk\u00e7e \u00d6\u011fretimi Dergisi<\/strong>\u00a0ya da\u00a0<strong>Sakarya Dil Dergisi (Sa\u00fcdil)<\/strong>\u2019de makale olarak\u00a0yay\u0131nlanabilecektir.<\/p><p>Kongrenin resm\u00ee dilleri T\u00fcrk\u00e7e ve \u0130ngilizce olup, di\u011fer dillerde haz\u0131rlanan bildiriler de kabul edilecektir.<\/p><p><strong>10. Uluslararas\u0131 Yabanc\u0131 Dil Olarak T\u00fcrk\u00e7e \u00d6\u011fretimi Kongresi\u2019ni<\/strong>, medeniyetlerin be\u015fi\u011fi ve \u015fehitler diyar\u0131 \u00c7anakkale\u2019de, \u00c7anakkale Onsekiz Mart \u00dcniversitesi\u2019nin ev sahipli\u011finde d\u00fczenlemekten memnuniyet duymaktay\u0131z.<\/p><p>Kat\u0131l\u0131mlar\u0131n\u0131z\u0131 sab\u0131rs\u0131zl\u0131kla bekliyor, sayg\u0131lar\u0131m\u0131z\u0131 sunuyoruz.<\/p><p>Y\u00fcr\u00fctme Kurulu ve D\u00fczenleme Kurulu<\/p>\n<p><strong>THE 10TH INTERNATIONAL CONGRESS OF TEACHING TURKISH AS A FOREIGN LANGUAGE (ICOTFL)\/<\/strong><\/p><p>Dear Colleagues and Researchers,<\/p><p>We are honored to invite you to the 10th International Congress of Teaching Turkish as a Foreign Language (ICOTFL). This significant event, held uninterruptedly in various cities around the world since 2015, will be hosted by the \u00c7anakkale Onsekiz Mart University Turkish Language Teaching Application and Research Center. The congress will take place in person from May 2nd to 4th, 2025.<\/p><p><strong>Congress main theme:<\/strong> \"Standardization, Accreditation, Quality, and Current Issues in Teaching Turkish as a Foreign Language\"<\/p><p>In addition to the main theme, the congress will prioritize topics related to:<\/p><p>Teaching Turkish as a native or foreign language, Turkish language, culture and history.<\/p><p><strong>Publication opportunities <\/strong><\/p><p>Accepted abstracts will be published as an 'Abstract Book (e-book),' and the full texts of the presented and accepted papers can be published as articles in either the 'International Journal of Teaching Turkish as a Foreign Language' or the 'Sakarya Dil Dergisi (Sa\u00fcdil),' depending on the participant's preference.<\/p><p>The official languages of the congress are Turkish and English. However, papers prepared in other languages will also be accepted.<\/p><p>We are delighted to organize the 10th International Congress of Teaching Turkish as a Foreign Language in \u00c7anakkale, the cradle of civilizations and the land of martyrs, under the auspices of \u00c7anakkale Onsekiz Mart University.<\/p><p>We eagerly anticipate your participation and extend our warmest regards.<\/p><p>Sincerely,<\/p><p>The Executive Committee and Organizing Committee<\/p>\n<h2>Davetli Konu\u015fmac\u0131\/Invited Speaker<\/h2>\n\n<img src=\"https:\/\/icotfl2025.org\/wp-content\/uploads\/2025\/01\/S4m38eF_400x400-260x260.jpg\" width=\"260\" height=\"260\" title=\"PROF. DR. \u00dcM\u0130T KOCABI\u00c7AK\" alt=\"Y\u00d6KAK Ba\u015fkan\u0131\" srcset=\"https:\/\/icotfl2025.org\/wp-content\/uploads\/2025\/01\/S4m38eF_400x400-260x260.jpg 260w, https:\/\/icotfl2025.org\/wp-content\/uploads\/2025\/01\/S4m38eF_400x400-300x300.jpg 300w, https:\/\/icotfl2025.org\/wp-content\/uploads\/2025\/01\/S4m38eF_400x400-150x150.jpg 150w, https:\/\/icotfl2025.org\/wp-content\/uploads\/2025\/01\/S4m38eF_400x400.jpg 400w\" sizes=\"(max-width: 260px) 100vw, 260px\" \/> <h3> PROF. DR. \u00dcM\u0130T KOCABI\u00c7AK <\/h3> Y\u00d6KAK Ba\u015fkan\u0131\n<h2>Tematik Konu\u015fmac\u0131lar\/Thematic Speakers<\/h2>\n\n<img src=\"https:\/\/icotfl2025.org\/wp-content\/uploads\/2025\/09\/images-260x260.jpeg\" width=\"260\" height=\"260\" title=\"PROF. DR. \u0130SMA\u0130L G\u00dcLE\u00c7\" alt=\"PROF. DR. \u0130SMA\u0130L G\u00dcLE\u00c7\" srcset=\"https:\/\/icotfl2025.org\/wp-content\/uploads\/2025\/09\/images-260x260.jpeg 260w, https:\/\/icotfl2025.org\/wp-content\/uploads\/2025\/09\/images-150x150.jpeg 150w, https:\/\/icotfl2025.org\/wp-content\/uploads\/2025\/09\/images.jpeg 225w\" sizes=\"(max-width: 260px) 100vw, 260px\" \/> <h3> PROF. DR. \u0130SMA\u0130L G\u00dcLE\u00c7 <\/h3>\n<img src=\"https:\/\/icotfl2025.org\/wp-content\/uploads\/2025\/01\/34-787x1024-260x260.jpeg\" width=\"260\" height=\"260\" title=\"PROF. DR. NEZ\u0130R TEMUR\" alt=\"PROF. DR. NEZ\u0130R TEMUR\"> <h3> PROF. DR. NEZ\u0130R TEMUR <\/h3>\n<img src=\"https:\/\/icotfl2025.org\/wp-content\/uploads\/2025\/04\/s200_mustafa.durmus-260x260.jpg\" width=\"260\" height=\"260\" title=\"PROF. DR. MUSTAFA DURMU\u015e\" alt=\"PROF. DR. MUSTAFA DURMU\u015e\" srcset=\"https:\/\/icotfl2025.org\/wp-content\/uploads\/2025\/04\/s200_mustafa.durmus-260x260.jpg 260w, https:\/\/icotfl2025.org\/wp-content\/uploads\/2025\/04\/s200_mustafa.durmus-150x150.jpg 150w, https:\/\/icotfl2025.org\/wp-content\/uploads\/2025\/04\/s200_mustafa.durmus.jpg 200w\" sizes=\"(max-width: 260px) 100vw, 260px\" \/> <h3> PROF. DR. MUSTAFA DURMU\u015e <\/h3>\n<img src=\"https:\/\/icotfl2025.org\/wp-content\/uploads\/2025\/04\/emrah-boylu-e1743623021823-260x260.jpg\" width=\"260\" height=\"260\" title=\"DO\u00c7. DR. EMRAH BOYLU\" alt=\"DO\u00c7. DR. EMRAH BOYLU\" srcset=\"https:\/\/icotfl2025.org\/wp-content\/uploads\/2025\/04\/emrah-boylu-e1743623021823-260x260.jpg 260w, https:\/\/icotfl2025.org\/wp-content\/uploads\/2025\/04\/emrah-boylu-e1743623021823-150x150.jpg 150w\" sizes=\"(max-width: 260px) 100vw, 260px\" \/> <h3> DO\u00c7. DR. EMRAH BOYLU <\/h3>\n<h2>Destekleyenler\/Supporters<\/h2>\n\n<img src=\"https:\/\/icotfl2025.org\/wp-content\/uploads\/2025\/03\/comu_logo_4.png\" title=\"comu_logo_4\" alt=\"comu_logo_4\" srcset=\"https:\/\/icotfl2025.org\/wp-content\/uploads\/2025\/03\/comu_logo_4.png 380w, https:\/\/icotfl2025.org\/wp-content\/uploads\/2025\/03\/comu_logo_4-300x300.png 300w, https:\/\/icotfl2025.org\/wp-content\/uploads\/2025\/03\/comu_logo_4-150x150.png 150w\" sizes=\"(max-width: 380px) 100vw, 380px\" \/>\n<img src=\"https:\/\/icotfl2025.org\/wp-content\/uploads\/2025\/04\/TR-iki_renkli_duz_logo-e1744799238974.png\" title=\"TR-iki_renkli_d\u00fcz_logo\" alt=\"TR-iki_renkli_d\u00fcz_logo\" srcset=\"https:\/\/icotfl2025.org\/wp-content\/uploads\/2025\/04\/TR-iki_renkli_duz_logo-e1744799238974.png 1556w, https:\/\/icotfl2025.org\/wp-content\/uploads\/2025\/04\/TR-iki_renkli_duz_logo-e1744799238974-296x300.png 296w, https:\/\/icotfl2025.org\/wp-content\/uploads\/2025\/04\/TR-iki_renkli_duz_logo-e1744799238974-1010x1024.png 1010w, https:\/\/icotfl2025.org\/wp-content\/uploads\/2025\/04\/TR-iki_renkli_duz_logo-e1744799238974-768x779.png 768w, https:\/\/icotfl2025.org\/wp-content\/uploads\/2025\/04\/TR-iki_renkli_duz_logo-e1744799238974-1515x1536.png 1515w\" sizes=\"(max-width: 1556px) 100vw, 1556px\" \/>\n<img src=\"https:\/\/icotfl2025.org\/wp-content\/uploads\/2025\/01\/WhatsApp-Gorsel-2024-05-03-saat-14.53.58_d00557bc.jpg\" title=\"WhatsApp G\u00f6rsel 2024-05-03 saat 14.53.58_d00557bc\" alt=\"WhatsApp G\u00f6rsel 2024-05-03 saat 14.53.58_d00557bc\" srcset=\"https:\/\/icotfl2025.org\/wp-content\/uploads\/2025\/01\/WhatsApp-Gorsel-2024-05-03-saat-14.53.58_d00557bc.jpg 1080w, https:\/\/icotfl2025.org\/wp-content\/uploads\/2025\/01\/WhatsApp-Gorsel-2024-05-03-saat-14.53.58_d00557bc-300x300.jpg 300w, https:\/\/icotfl2025.org\/wp-content\/uploads\/2025\/01\/WhatsApp-Gorsel-2024-05-03-saat-14.53.58_d00557bc-1024x1024.jpg 1024w, https:\/\/icotfl2025.org\/wp-content\/uploads\/2025\/01\/WhatsApp-Gorsel-2024-05-03-saat-14.53.58_d00557bc-150x150.jpg 150w, https:\/\/icotfl2025.org\/wp-content\/uploads\/2025\/01\/WhatsApp-Gorsel-2024-05-03-saat-14.53.58_d00557bc-768x768.jpg 768w\" sizes=\"(max-width: 1080px) 100vw, 1080px\" \/>\n<img src=\"https:\/\/icotfl2025.org\/wp-content\/uploads\/2025\/03\/Adsiz-tasarim-1.png\" title=\"Ads\u0131z tasar\u0131m (1)\" alt=\"Ads\u0131z tasar\u0131m (1)\" srcset=\"https:\/\/icotfl2025.org\/wp-content\/uploads\/2025\/03\/Adsiz-tasarim-1.png 1000w, https:\/\/icotfl2025.org\/wp-content\/uploads\/2025\/03\/Adsiz-tasarim-1-300x300.png 300w, https:\/\/icotfl2025.org\/wp-content\/uploads\/2025\/03\/Adsiz-tasarim-1-150x150.png 150w, https:\/\/icotfl2025.org\/wp-content\/uploads\/2025\/03\/Adsiz-tasarim-1-768x768.png 768w\" sizes=\"(max-width: 1000px) 100vw, 1000px\" \/>\n<img src=\"https:\/\/icotfl2025.org\/wp-content\/uploads\/2025\/03\/yunus_emre_enstitasa_logo-01-e1742558734918.png\" title=\"yunus_emre_enstitasa_logo-01\" alt=\"yunus_emre_enstitasa_logo-01\" srcset=\"https:\/\/icotfl2025.org\/wp-content\/uploads\/2025\/03\/yunus_emre_enstitasa_logo-01-e1742558734918.png 560w, https:\/\/icotfl2025.org\/wp-content\/uploads\/2025\/03\/yunus_emre_enstitasa_logo-01-e1742558734918-300x298.png 300w, https:\/\/icotfl2025.org\/wp-content\/uploads\/2025\/03\/yunus_emre_enstitasa_logo-01-e1742558734918-150x150.png 150w\" sizes=\"(max-width: 560px) 100vw, 560px\" \/>\n<img src=\"https:\/\/icotfl2025.org\/wp-content\/uploads\/2025\/04\/musiad-1.png\" title=\"musiad\" alt=\"musiad\" srcset=\"https:\/\/icotfl2025.org\/wp-content\/uploads\/2025\/04\/musiad-1.png 700w, https:\/\/icotfl2025.org\/wp-content\/uploads\/2025\/04\/musiad-1-300x300.png 300w, https:\/\/icotfl2025.org\/wp-content\/uploads\/2025\/04\/musiad-1-150x150.png 150w\" sizes=\"(max-width: 700px) 100vw, 700px\" \/>\n<img src=\"https:\/\/icotfl2025.org\/wp-content\/uploads\/2025\/04\/dogan-pastanesi.png\" title=\"do\u011fan pastanesi\" alt=\"do\u011fan pastanesi\" srcset=\"https:\/\/icotfl2025.org\/wp-content\/uploads\/2025\/04\/dogan-pastanesi.png 700w, https:\/\/icotfl2025.org\/wp-content\/uploads\/2025\/04\/dogan-pastanesi-300x300.png 300w, https:\/\/icotfl2025.org\/wp-content\/uploads\/2025\/04\/dogan-pastanesi-150x150.png 150w\" sizes=\"(max-width: 700px) 100vw, 700px\" \/>\n<img src=\"https:\/\/icotfl2025.org\/wp-content\/uploads\/2025\/04\/sunstream.png\" title=\"sunstream\" alt=\"sunstream\" srcset=\"https:\/\/icotfl2025.org\/wp-content\/uploads\/2025\/04\/sunstream.png 700w, https:\/\/icotfl2025.org\/wp-content\/uploads\/2025\/04\/sunstream-300x300.png 300w, https:\/\/icotfl2025.org\/wp-content\/uploads\/2025\/04\/sunstream-150x150.png 150w\" sizes=\"(max-width: 700px) 100vw, 700px\" \/>\n<img src=\"https:\/\/icotfl2025.org\/wp-content\/uploads\/2025\/04\/federal.png\" title=\"federal\" alt=\"federal\" srcset=\"https:\/\/icotfl2025.org\/wp-content\/uploads\/2025\/04\/federal.png 700w, https:\/\/icotfl2025.org\/wp-content\/uploads\/2025\/04\/federal-300x300.png 300w, https:\/\/icotfl2025.org\/wp-content\/uploads\/2025\/04\/federal-150x150.png 150w\" sizes=\"(max-width: 700px) 100vw, 700px\" \/>\n<img src=\"https:\/\/icotfl2025.org\/wp-content\/uploads\/2025\/04\/melis-pastanesi.png\" title=\"melis pastanesi\" alt=\"melis pastanesi\" srcset=\"https:\/\/icotfl2025.org\/wp-content\/uploads\/2025\/04\/melis-pastanesi.png 700w, https:\/\/icotfl2025.org\/wp-content\/uploads\/2025\/04\/melis-pastanesi-300x300.png 300w, https:\/\/icotfl2025.org\/wp-content\/uploads\/2025\/04\/melis-pastanesi-150x150.png 150w\" sizes=\"(max-width: 700px) 100vw, 700px\" \/>\n<img src=\"https:\/\/icotfl2025.org\/wp-content\/uploads\/2025\/04\/grift.png\" title=\"grift\" alt=\"grift\" srcset=\"https:\/\/icotfl2025.org\/wp-content\/uploads\/2025\/04\/grift.png 700w, https:\/\/icotfl2025.org\/wp-content\/uploads\/2025\/04\/grift-300x300.png 300w, https:\/\/icotfl2025.org\/wp-content\/uploads\/2025\/04\/grift-150x150.png 150w\" sizes=\"(max-width: 700px) 100vw, 700px\" \/>\n<img src=\"https:\/\/icotfl2025.org\/wp-content\/uploads\/2025\/04\/cacan-kuyumcluk.png\" title=\"\u00e7a\u00e7an kuyumcluk\" alt=\"\u00e7a\u00e7an kuyumcluk\" srcset=\"https:\/\/icotfl2025.org\/wp-content\/uploads\/2025\/04\/cacan-kuyumcluk.png 700w, https:\/\/icotfl2025.org\/wp-content\/uploads\/2025\/04\/cacan-kuyumcluk-300x300.png 300w, https:\/\/icotfl2025.org\/wp-content\/uploads\/2025\/04\/cacan-kuyumcluk-150x150.png 150w\" sizes=\"(max-width: 700px) 100vw, 700px\" \/>\n<img src=\"https:\/\/icotfl2025.org\/wp-content\/uploads\/2025\/04\/soyuak.png\" title=\"soyuak\" alt=\"soyuak\" srcset=\"https:\/\/icotfl2025.org\/wp-content\/uploads\/2025\/04\/soyuak.png 700w, https:\/\/icotfl2025.org\/wp-content\/uploads\/2025\/04\/soyuak-300x300.png 300w, https:\/\/icotfl2025.org\/wp-content\/uploads\/2025\/04\/soyuak-150x150.png 150w\" sizes=\"(max-width: 700px) 100vw, 700px\" \/>\n<img src=\"https:\/\/icotfl2025.org\/wp-content\/uploads\/2025\/04\/tenedos.png\" title=\"tenedos\" alt=\"tenedos\" srcset=\"https:\/\/icotfl2025.org\/wp-content\/uploads\/2025\/04\/tenedos.png 700w, https:\/\/icotfl2025.org\/wp-content\/uploads\/2025\/04\/tenedos-300x300.png 300w, https:\/\/icotfl2025.org\/wp-content\/uploads\/2025\/04\/tenedos-150x150.png 150w\" sizes=\"(max-width: 700px) 100vw, 700px\" \/>\n<img src=\"https:\/\/icotfl2025.org\/wp-content\/uploads\/2025\/04\/sektor-zorlu-keytqhr.png\" title=\"sekt\u00f6r zorlu keytqhr\" alt=\"sekt\u00f6r zorlu keytqhr\" srcset=\"https:\/\/icotfl2025.org\/wp-content\/uploads\/2025\/04\/sektor-zorlu-keytqhr.png 700w, https:\/\/icotfl2025.org\/wp-content\/uploads\/2025\/04\/sektor-zorlu-keytqhr-300x300.png 300w, https:\/\/icotfl2025.org\/wp-content\/uploads\/2025\/04\/sektor-zorlu-keytqhr-150x150.png 150w\" sizes=\"(max-width: 700px) 100vw, 700px\" \/>\n<img src=\"https:\/\/icotfl2025.org\/wp-content\/uploads\/2025\/04\/cetinkaya-beton.png\" title=\"\u00e7etinkaya beton\" alt=\"\u00e7etinkaya beton\" srcset=\"https:\/\/icotfl2025.org\/wp-content\/uploads\/2025\/04\/cetinkaya-beton.png 700w, https:\/\/icotfl2025.org\/wp-content\/uploads\/2025\/04\/cetinkaya-beton-300x300.png 300w, https:\/\/icotfl2025.org\/wp-content\/uploads\/2025\/04\/cetinkaya-beton-150x150.png 150w\" sizes=\"(max-width: 700px) 100vw, 700px\" \/>\n<img src=\"https:\/\/icotfl2025.org\/wp-content\/uploads\/2025\/04\/hocaoglu-sut-urunleri.png\" title=\"hocao\u011flu s\u00fct \u00fcr\u00fcnleri\" alt=\"hocao\u011flu s\u00fct \u00fcr\u00fcnleri\" srcset=\"https:\/\/icotfl2025.org\/wp-content\/uploads\/2025\/04\/hocaoglu-sut-urunleri.png 700w, https:\/\/icotfl2025.org\/wp-content\/uploads\/2025\/04\/hocaoglu-sut-urunleri-300x300.png 300w, https:\/\/icotfl2025.org\/wp-content\/uploads\/2025\/04\/hocaoglu-sut-urunleri-150x150.png 150w\" sizes=\"(max-width: 700px) 100vw, 700px\" \/>\n<img src=\"https:\/\/icotfl2025.org\/wp-content\/uploads\/2025\/04\/Vitalis.png\" title=\"Vitalis\" alt=\"Vitalis\" srcset=\"https:\/\/icotfl2025.org\/wp-content\/uploads\/2025\/04\/Vitalis.png 700w, https:\/\/icotfl2025.org\/wp-content\/uploads\/2025\/04\/Vitalis-300x300.png 300w, https:\/\/icotfl2025.org\/wp-content\/uploads\/2025\/04\/Vitalis-150x150.png 150w\" sizes=\"(max-width: 700px) 100vw, 700px\" \/>","_links":{"self":[{"href":"https:\/\/icotfl2025.org\/index.php?rest_route=\/wp\/v2\/pages\/414","targetHints":{"allow":["GET"]}}],"collection":[{"href":"https:\/\/icotfl2025.org\/index.php?rest_route=\/wp\/v2\/pages"}],"about":[{"href":"https:\/\/icotfl2025.org\/index.php?rest_route=\/wp\/v2\/types\/page"}],"author":[{"embeddable":true,"href":"https:\/\/icotfl2025.org\/index.php?rest_route=\/wp\/v2\/users\/1"}],"replies":[{"embeddable":true,"href":"https:\/\/icotfl2025.org\/index.php?rest_route=%2Fwp%2Fv2%2Fcomments&post=414"}],"version-history":[{"count":98,"href":"https:\/\/icotfl2025.org\/index.php?rest_route=\/wp\/v2\/pages\/414\/revisions"}],"predecessor-version":[{"id":916,"href":"https:\/\/icotfl2025.org\/index.php?rest_route=\/wp\/v2\/pages\/414\/revisions\/916"}],"wp:attachment":[{"href":"https:\/\/icotfl2025.org\/index.php?rest_route=%2Fwp%2Fv2%2Fmedia&parent=414"}],"curies":[{"name":"wp","href":"https:\/\/api.w.org\/{rel}","templated":true}]}}