{"id":415,"date":"2025-01-20T13:06:08","date_gmt":"2025-01-20T10:06:08","guid":{"rendered":"https:\/\/icotfl2025.org\/?page_id=415"},"modified":"2025-04-21T15:45:26","modified_gmt":"2025-04-21T12:45:26","slug":"onemli-tarihler","status":"publish","type":"page","link":"https:\/\/icotfl2025.org\/?page_id=415","title":{"rendered":"\u00d6nemli Tarihler\/ Important Dates"},"content":{"rendered":"<div class=\"wpb-content-wrapper\"><p>[vc_row][vc_column][vc_column_text css=&#8221;&#8221;]<strong><span style=\"color: #ff0000;\">Kongremize g\u00f6stermi\u015f oldu\u011funuz yo\u011fun ilgi ve destek i\u00e7in te\u015fekk\u00fcr ederiz. Kat\u0131l\u0131mc\u0131lardan gelen yo\u011fun talepler do\u011frultusunda kongre ba\u015fvuru s\u00fcresi uzat\u0131lm\u0131\u015f olup bu durum kongre program\u0131n\u0131n ilan\u0131nda k\u0131sa s\u00fcreli bir gecikme ya\u015fanmas\u0131na neden olmu\u015ftur.<\/span><\/strong><\/p>\n<p><strong><span style=\"color: #ff0000;\">Kongre Program\u0131, bu hafta i\u00e7erisinde kongrenin resmi web sayfas\u0131 \u00fczerinden duyurulacakt\u0131r. Anlay\u0131\u015f\u0131n\u0131z i\u00e7in te\u015fekk\u00fcr ederiz. <\/span><\/strong><\/p>\n<p><strong><span style=\"color: #ff0000;\">D\u00dcZENLEME\u00a0KURULU<\/span><\/strong><\/p>\n<table>\n<tbody>\n<tr>\n<td>\u00d6zet G\u00f6nderimi i\u00e7in Son Tarih :<\/td>\n<td>18 Nisan 2025*<\/td>\n<\/tr>\n<tr>\n<td>Konaklama i\u00e7in Son Ba\u015fvuru Tarihi:<\/td>\n<td>1 Nisan 2025*<\/td>\n<\/tr>\n<tr>\n<td>Kongre Program\u0131n\u0131n \u0130lan\u0131<\/td>\n<td>20 Nisan 2025<\/p>\n<p>&nbsp;<\/td>\n<\/tr>\n<tr>\n<td>Kongre Tarihi<\/td>\n<td>2-4 May\u0131s 2025<\/td>\n<\/tr>\n<tr>\n<td>Tam metinlerin G\u00f6nderilmesi i\u00e7in Son Tarih<\/td>\n<td>15 Haziran 2025<\/td>\n<\/tr>\n<\/tbody>\n<\/table>\n<p style=\"text-align: justify; background: white; margin: 0cm 0cm 7.5pt 0cm;\"><span style=\"font-size: 11.5pt; font-family: 'Roboto Condensed'; color: #333333; background: white;\">*<\/span><i><span style=\"font-size: 11.0pt; font-family: 'Roboto Condensed'; color: #333333; background: white;\">Kongre kat\u0131l\u0131mc\u0131lar\u0131m\u0131z\u0131n konaklamas\u0131 i\u00e7in \u00c7anakkale Gen\u00e7lik ve Spor M\u00fcd\u00fcrl\u00fc\u011f\u00fc Dardanos Tesisleri ile anla\u015fma sa\u011flanm\u0131\u015f olup Kongre kat\u0131l\u0131mc\u0131lar\u0131m\u0131za \u00f6zel fiyatlarla s\u0131n\u0131rl\u0131 say\u0131da kontenjan ayr\u0131lm\u0131\u015ft\u0131r. \u0130lgili tesisin y\u00f6netmeli\u011fi gere\u011fi erkenden liste verilmesi gerekti\u011fi i\u00e7in; bu tesislerde konaklama yapmak isteyen kat\u0131l\u0131mc\u0131lar\u0131m\u0131z\u0131n Kongre i\u00e7in en ge\u00e7 1 Nisan 2025\u2019e kadar ba\u015fvuruda bulunmalar\u0131 ve bildirisi kabul edilenlerin listesinin Kongre D\u00fczenleme Kurulu taraf\u0131ndan ilgili tesislere verilmesiyle konaklama plan\u0131 olu\u015fturulacakt\u0131r.<\/span><\/i><\/p>\n<table>\n<tbody>\n<tr>\n<td>Abstract Submission Deadline :<\/td>\n<td>April 18, 2025*<\/td>\n<\/tr>\n<tr>\n<td>Accommodation Application Deadline:<\/td>\n<td>April 1, 2025*<\/td>\n<\/tr>\n<tr>\n<td>Congress Program Announcement:<\/td>\n<td>April 20, 2025<\/td>\n<\/tr>\n<tr>\n<td>Congress Dates<\/td>\n<td>May 2-4, 2025<\/td>\n<\/tr>\n<tr>\n<td>Full Paper Submission Deadline<\/td>\n<td>June 15, 2025<\/td>\n<\/tr>\n<\/tbody>\n<\/table>\n<p style=\"text-align: justify; background: white; margin: 0cm 0cm 7.5pt 0cm;\"><em><span style=\"font-size: 11.5pt; font-family: 'Roboto Condensed'; color: #333333; background: white;\">*An agreement has been made with the \u00c7anakkale Youth and Sports Directorate&#8217;s Dardanos Facilities to provide accommodation for our congress participants. A limited number of rooms have been reserved for congress participants at special rates. Due to the regulations of the facility, the list of guests must be submitted early. Therefore, participants who wish to stay at these facilities must apply for accommodation by April 1, 2025, at the latest. The accommodation plan will be finalized by the Congress Organizing Committee submitting the list of accepted participants to the relevant facilities.<\/span><\/em><\/p>\n<p>[\/vc_column_text][\/vc_column][\/vc_row]<\/p>\n<\/div>","protected":false},"excerpt":{"rendered":"<p>[vc_row][vc_column][vc_column_text css=&#8221;&#8221;]Kongremize g\u00f6stermi\u015f oldu\u011funuz yo\u011fun ilgi ve destek i\u00e7in te\u015fekk\u00fcr ederiz. Kat\u0131l\u0131mc\u0131lardan gelen yo\u011fun talepler do\u011frultusunda kongre ba\u015fvuru s\u00fcresi uzat\u0131lm\u0131\u015f&hellip; <\/p>\n","protected":false},"author":1,"featured_media":0,"parent":0,"menu_order":0,"comment_status":"closed","ping_status":"closed","template":"","meta":{"footnotes":""},"class_list":["post-415","page","type-page","status-publish","hentry"],"builder_content":"","_links":{"self":[{"href":"https:\/\/icotfl2025.org\/index.php?rest_route=\/wp\/v2\/pages\/415","targetHints":{"allow":["GET"]}}],"collection":[{"href":"https:\/\/icotfl2025.org\/index.php?rest_route=\/wp\/v2\/pages"}],"about":[{"href":"https:\/\/icotfl2025.org\/index.php?rest_route=\/wp\/v2\/types\/page"}],"author":[{"embeddable":true,"href":"https:\/\/icotfl2025.org\/index.php?rest_route=\/wp\/v2\/users\/1"}],"replies":[{"embeddable":true,"href":"https:\/\/icotfl2025.org\/index.php?rest_route=%2Fwp%2Fv2%2Fcomments&post=415"}],"version-history":[{"count":10,"href":"https:\/\/icotfl2025.org\/index.php?rest_route=\/wp\/v2\/pages\/415\/revisions"}],"predecessor-version":[{"id":816,"href":"https:\/\/icotfl2025.org\/index.php?rest_route=\/wp\/v2\/pages\/415\/revisions\/816"}],"wp:attachment":[{"href":"https:\/\/icotfl2025.org\/index.php?rest_route=%2Fwp%2Fv2%2Fmedia&parent=415"}],"curies":[{"name":"wp","href":"https:\/\/api.w.org\/{rel}","templated":true}]}}