{"id":418,"date":"2025-01-20T13:06:09","date_gmt":"2025-01-20T10:06:09","guid":{"rendered":"https:\/\/icotfl2025.org\/?page_id=418"},"modified":"2025-03-24T14:01:52","modified_gmt":"2025-03-24T11:01:52","slug":"kurullar","status":"publish","type":"page","link":"https:\/\/icotfl2025.org\/?page_id=418","title":{"rendered":"Kurullar\/Committees"},"content":{"rendered":"<div class=\"wpb-content-wrapper\"><p>[vc_row][vc_column][vc_column_text css=&#8221;&#8221;]<\/p>\n<h2>Onursal Ba\u015fkanlar\/Honorary Chairs<\/h2>\n<table width=\"100%\">\n<tbody>\n<tr>\n<td width=\"17%\">Do\u00e7. Dr.<\/td>\n<td width=\"23%\">\u00d6mer TORAMAN<\/td>\n<td width=\"57%\">\u00c7anakkale Valisi &#8211; \u00c7anakkale Governor<\/td>\n<\/tr>\n<tr>\n<td width=\"17%\">Prof. Dr.<\/td>\n<td width=\"23%\">Ramazan C\u00fcneyt ERENO\u011eLU<\/td>\n<td width=\"57%\">\u00c7anakkale Onsekiz Mart \u00dcniversitesi Rekt\u00f6r\u00fc &#8211; Rector of \u00c7anakkale Onsekiz Mart University<\/td>\n<\/tr>\n<tr>\n<td width=\"17%\">Prof. Dr.<\/td>\n<td width=\"23%\">Mehmet SARIBIYIK<\/td>\n<td width=\"57%\">Sakarya Uygulamal\u0131 Bilimler \u00dcniversitesi Rekt\u00f6r\u00fc &#8211; Rector of Sakarya University of Applied Sciences<\/td>\n<\/tr>\n<tr>\n<td width=\"17%\">Prof. Dr.<\/td>\n<td width=\"23%\">Cemal Y\u0131ld\u0131z<\/td>\n<td width=\"57%\">T\u00fcrk-Alman \u00dcniversitesi Rekt\u00f6r\u00fc &#8211; Rector of Turkish-German University<\/td>\n<\/tr>\n<tr>\n<td width=\"17%\"><\/td>\n<td width=\"23%\">\u00d6mer KALKAN<\/td>\n<td width=\"57%\">\u00c7anakkale Gen\u00e7lik ve Spor \u0130l M\u00fcd\u00fcr\u00fc &#8211; \u00c7anakkale Provincial Directorate of Youth and Sports<\/td>\n<\/tr>\n<\/tbody>\n<\/table>\n<p>[\/vc_column_text][vc_column_text css=&#8221;&#8221;]<\/p>\n<h2>Konferans E\u015f Ba\u015fkanlar\u0131\/Conference Co-Chairs<\/h2>\n<table width=\"410\">\n<tbody>\n<tr>\n<td width=\"181\">Do\u00e7. Dr.<\/td>\n<td width=\"229\">Sevim \u0130nal<\/td>\n<\/tr>\n<tr>\n<td>Dr. \u00d6\u011fr. \u00dcyesi<\/td>\n<td>Melek Kal\u0131n Sal\u0131<\/td>\n<\/tr>\n<\/tbody>\n<\/table>\n<p>[\/vc_column_text][vc_column_text css=&#8221;&#8221;]<\/p>\n<h2>Y\u00fcr\u00fctme Kurulu\/Executive Committee<\/h2>\n<table width=\"410\">\n<tbody>\n<tr>\n<td width=\"181\">Prof. Dr.<\/td>\n<td width=\"229\">Alparslan Okur<\/td>\n<\/tr>\n<tr>\n<td>Prof. Dr.<\/td>\n<td>\u0130smail G\u00fcle\u00e7<\/td>\n<\/tr>\n<tr>\n<td>Prof. Dr.<\/td>\n<td>Mustafa Durmu\u015f<\/td>\n<\/tr>\n<tr>\n<td>Prof. Dr.<\/td>\n<td>Nezir Tem\u00fcr<\/td>\n<\/tr>\n<tr>\n<td>Do\u00e7. Dr.<\/td>\n<td>Mehmet Yal\u00e7\u0131n<\/td>\n<\/tr>\n<tr>\n<td>Do\u00e7. Dr.<\/td>\n<td>Serhat K\u00fc\u00e7\u00fck<\/td>\n<\/tr>\n<tr>\n<td>Do\u00e7. Dr.<\/td>\n<td>Sevim \u0130nal<\/td>\n<\/tr>\n<\/tbody>\n<\/table>\n<p>[\/vc_column_text][vc_column_text css=&#8221;&#8221;]<\/p>\n<h2>D\u00fczenleme Kurulu\/Organizing Committee<\/h2>\n<table width=\"410\">\n<tbody>\n<tr>\n<td width=\"181\">Do\u00e7. Dr.<\/td>\n<td width=\"229\">Enes Ya\u015far<\/td>\n<\/tr>\n<tr>\n<td width=\"181\">Do\u00e7. Dr.<\/td>\n<td width=\"229\">Mehtap \u00d6zden<\/td>\n<\/tr>\n<tr>\n<td>Do\u00e7. Dr.<\/td>\n<td>Sevim \u0130nal<\/td>\n<\/tr>\n<tr>\n<td>Dr. \u00d6\u011fr. \u00dcyesi<\/td>\n<td>Melek Kalin Sali<\/td>\n<\/tr>\n<tr>\n<td>Dr. \u00d6\u011fr. \u00dcyesi<\/td>\n<td>M\u00fcge Karaka\u015f<\/td>\n<\/tr>\n<tr>\n<td>\u00d6\u011fr. G\u00f6r. Dr.<\/td>\n<td>Cumali Ya\u015far<\/td>\n<\/tr>\n<tr>\n<td>\u00d6\u011fr. G\u00f6r. Dr.<\/td>\n<td>Mesout Kalin Sali<\/td>\n<\/tr>\n<tr>\n<td>\u00d6\u011fr. G\u00f6r. Dr.<\/td>\n<td>Nilsu Tarhan<\/td>\n<\/tr>\n<tr>\n<td>Ar. G\u00f6r. Dr.<\/td>\n<td>T\u00fclay Dargut G\u00fcler<\/td>\n<\/tr>\n<tr>\n<td>\u00d6\u011fr. G\u00f6r.<\/td>\n<td>Kemal Erkol<\/td>\n<\/tr>\n<tr>\n<td>\u00d6\u011fr. G\u00f6r.<\/td>\n<td>Mehtap Eldemir<\/td>\n<\/tr>\n<tr>\n<td>\u00d6\u011fr. G\u00f6r.<\/td>\n<td>Onur G\u00fcrb\u00fcz<\/td>\n<\/tr>\n<tr>\n<td>\u00d6\u011fr. G\u00f6r.<\/td>\n<td>\u00d6zg\u00fcr \u00dcst\u00fcn<\/td>\n<\/tr>\n<\/tbody>\n<\/table>\n<p>[\/vc_column_text][vc_column_text css=&#8221;&#8221;]<\/p>\n<h2>Bilim Kurulu\/Science Committee<\/h2>\n<table width=\"591\">\n<tbody>\n<tr>\n<td width=\"591\">Prof. Dr. Abdurrahman G\u00dcZEL \u2013 Ba\u015fkent \u00dcniversitesi\/T\u00fcrkiye<\/td>\n<\/tr>\n<tr>\n<td>Prof. Dr. Aimilia THEMOPOULOU \u2013 Mill\u00ee ve Kapodistrias Atina \u00dcniversitesi\/Yunanistan<\/td>\n<\/tr>\n<tr>\n<td>Prof. Dr. Alfiya Yusupova \u2013 Kazan Federal \u00dcniversitesi\/Rusya<\/td>\n<\/tr>\n<tr>\n<td>Prof. Dr. Alparslan OKUR \u2013 Sakarya \u00dcniversitesi\/T\u00fcrkiye<\/td>\n<\/tr>\n<tr>\n<td>Prof. Dr. Anthi REVITHIADOU \u2013 Selanik Aristotle \u00dcniversitesi\/Yunanistan<\/td>\n<\/tr>\n<tr>\n<td>Prof. Dr. Aspasia CHATZIDAKI \u2013 Grete \u00dcniversitesi\/Yunanistan<\/td>\n<\/tr>\n<tr>\n<td>Prof. Dr. Aysun Yavuz &#8211; \u00c7anakkale Onsekiz Mart \u00dcniversitesi<\/td>\n<\/tr>\n<tr>\n<td>Prof. Dr. Bahad\u0131r G\u00fcc\u00fcyeter &#8211; Atat\u00fcrk \u00dcniversitesi<\/td>\n<\/tr>\n<tr>\n<td>Prof. Dr. Birsel ORU\u00c7 ASLAN \u2013\u00a0Bal\u0131kesir \u00dcniversitesi\/T\u00fcrkiye<\/td>\n<\/tr>\n<tr>\n<td>Prof. Dr. Cemal YILDIZ \u2013 T\u00fcrk-Alman \u00dcniversitesi\/T\u00fcrkiye<\/td>\n<\/tr>\n<tr>\n<td>Prof. Dr. Cengiz ALYILMAZ \u2013 Bursa Uluda\u011f \u00dcniversitesi\/T\u00fcrkiye<\/td>\n<\/tr>\n<tr>\n<td>Prof. Dr. Diana KASTRATI \u2013 Tiran \u00dcniversitesi\/Arnavutluk<\/td>\n<\/tr>\n<tr>\n<td>Prof. Dr. Din\u00e7ay K\u00f6ksal &#8211; \u00c7anakkale Onsekiz Mart \u00dcniversitesi<\/td>\n<\/tr>\n<tr>\n<td>Prof. Dr. Ece Zehir Topkaya &#8211; \u0130zmir Demokrasi \u00dcniversitesi<\/td>\n<\/tr>\n<tr>\n<td>Prof. Dr. Eleni SELLA \u2013 Mill\u00ee ve Kapodistrias Atina \u00dcniversitesi\/Yunanistan<\/td>\n<\/tr>\n<tr>\n<td>Prof. Dr. Fabrice BARTHELEMY \u2013 Franche-Comt\u00e9 \u00dcniversitesi \/Fransa<\/td>\n<\/tr>\n<tr>\n<td>Prof. Dr. Fatih KANA\u00a0&#8211; \u00c7anakkale Onsekiz Mart \u00dcniversitesi<\/td>\n<\/tr>\n<tr>\n<td>Prof. Dr. Fatma B\u00f6l\u00fckba\u015f Kaya &#8211; \u0130stanbul \u00dcniversitesi<\/td>\n<\/tr>\n<tr>\n<td>Prof. Dr. Feyzi ERSOY \u2013 Hac\u0131 Bayram Veli \u00dcniversitesi\/T\u00fcrkiye<\/td>\n<\/tr>\n<tr>\n<td>Prof. Dr. Firdevs KARAHAN \u2013 Kocaeli Sa\u011fl\u0131k ve Teknoloji \u00dcniversitesi\/T\u00fcrkiye<\/td>\n<\/tr>\n<tr>\n<td>Prof. Dr. Freideriki BATSALIA \u2013 Milli ve Kapodistirias Atina \u00dcniversitesi\/Yunanistan<\/td>\n<\/tr>\n<tr>\n<td>Prof. Dr. Fulya TOP\u00c7U\u011eLU \u00dcNAL- K\u00fctahya Dumlup\u0131nar \u00dcniversitesi\/T\u00fcrkiye<\/td>\n<\/tr>\n<tr>\n<td>Prof. Dr. G\u00f6khan ARI- Uluda\u011f \u00dcniversitesi\/T\u00fcrkiye<\/td>\n<\/tr>\n<tr>\n<td>Prof. Dr. G\u00fclden T\u00dcM \u2013 \u00c7ukurova \u00dcniversitesi\/T\u00fcrkiye<\/td>\n<\/tr>\n<tr>\n<td>Prof. Dr. Hatice \u015eahin &#8211; Bursa Uluda\u011f \u00dcniversitesi<\/td>\n<\/tr>\n<tr>\n<td>Prof. Dr. Irina POKROVSKA \u2013 Kiev Milli Taras Shevchenko \u00dcniversitesi\/Ukrayna<\/td>\n<\/tr>\n<tr>\n<td>Prof. Dr. Irmtraud BEHR \u2013 Sorbonne Nouvelle \u00dcniversitesi \u2013 Paris \/Fransa<\/td>\n<\/tr>\n<tr>\n<td>Prof. Dr. \u0130. Se\u00e7kin AYDIN- Dokuz Eyl\u00fcl \u00dcniversitesi\/T\u00fcrkiye<\/td>\n<\/tr>\n<tr>\n<td>Prof. Dr. \u0130smail G\u00dcLE\u00c7 \u2013 \u0130stanbul Medeniyet \u00dcniversitesi\/T\u00fcrkiye<\/td>\n<\/tr>\n<tr>\n<td>Prof. Dr. Katerina FRANTZI \u2013 The Aegean \u00dcniversitesi\/Yunanistan<\/td>\n<\/tr>\n<tr>\n<td>Prof. Dr. Katrin SAKS \u2013 Tartu \u00dcniversitesi\/Estonya<\/td>\n<\/tr>\n<tr>\n<td>Prof. Dr. K\u00fcr\u015fat \u00c7a\u011fr\u0131 BOZKIRLI \u2013 Kafkas \u00dcniversitesi\/T\u00fcrkiye<\/td>\n<\/tr>\n<tr>\n<td>Prof. Dr. M. Fatih K\u0130R\u0130\u015e\u00c7\u0130O\u011eLU \u2013 Hac\u0131 Bayram Veli \u00dcniversitesi\/T\u00fcrkiye<\/td>\n<\/tr>\n<tr>\n<td>Prof. Dr. Mahmut \u00c7EL\u0130K \u2013 \u0130\u015ftip \u00dcniversitesi\/Kuzey Makedonya<\/td>\n<\/tr>\n<tr>\n<td>Prof. Dr. Marie-Fran\u00e7oise MELMOUX-MONTAUBIN \u2013 Picardie \u00dcniversitesi \/Fransa<\/td>\n<\/tr>\n<tr>\n<td>Prof. Dr. Mariya LEONT\u0130\u00c7 \u2013 \u0130\u015ftip \u00dcniversitesi\/Kuzey Makedonya<\/td>\n<\/tr>\n<tr>\n<td>Prof. Dr. Mehmet Ali AKINCI \u2013 Rouen \u00dcniversitesi\/Fransa<\/td>\n<\/tr>\n<tr>\n<td>Prof. Dr. Mehmet Kuruday\u0131o\u011flu &#8211; Hacettepe \u00dcniversitesi<\/td>\n<\/tr>\n<tr>\n<td>Prof. Dr. Mesut SA\u00c7KES \u2013 \u00a0Bal\u0131kesir \u00dcniversitesi\/T\u00fcrkiye<\/td>\n<\/tr>\n<tr>\n<td>Prof. Dr. Murat DEM\u0130RKAN \u2013 Marmara \u00dcniversitesi\/T\u00fcrkiye<\/td>\n<\/tr>\n<tr>\n<td>Prof. Dr. Mustafa Durmu\u015f &#8211; Hacettepe \u00dcniversitesi<\/td>\n<\/tr>\n<tr>\n<td>Prof. Dr. Mustafa S. KA\u00c7AL\u0130N \u2013 (e) Marmara \u00dcniversitesi\/T\u00fcrkiye<\/td>\n<\/tr>\n<tr>\n<td>Prof. Dr. Muzaffer \u00d6zdemir &#8211; \u00c7anakkale Onsekiz Mart \u00dcniversitesi<\/td>\n<\/tr>\n<tr>\n<td>Prof. Dr. Necmettin Kamil SEV\u0130L \u2013 \u0130stanbul \u00dcniversitesi\/T\u00fcrkiye<\/td>\n<\/tr>\n<tr>\n<td>Prof. Dr. Nezir TEMUR \u2013 Gazi \u00dcniversitesi\/T\u00fcrkiye<\/td>\n<\/tr>\n<tr>\n<td>Prof. Dr. Nurcan DELEN KARAA\u011eA\u00c7 \u2013 \u0130stanbul \u00dcniversitesi\/T\u00fcrkiye<\/td>\n<\/tr>\n<tr>\n<td>Prof. Dr. Nurettin Demir &#8211; Hacettepe \u00dcniversitesi<\/td>\n<\/tr>\n<tr>\n<td>Prof. Dr. Osman SENEMO\u011eLU \u2013 Galatasaray \u00dcniversitesi\/T\u00fcrkiye<\/td>\n<\/tr>\n<tr>\n<td>Prof. Dr. Ruhi \u0130NAN\u00a0\u2013 Bal\u0131kesir \u00dcniversitesi\/T\u00fcrkiye<\/td>\n<\/tr>\n<tr>\n<td>Prof. Dr. Salih Zeki Gen\u00e7 &#8211; \u00c7anakkale Onsekiz Mart \u00dcniversitesi<\/td>\n<\/tr>\n<tr>\n<td>Prof. Dr. Salim Raz\u0131 &#8211; \u00c7anakkale Onsekiz Mart \u00dcniversitesi<\/td>\n<\/tr>\n<tr>\n<td>Prof. Dr. Semra ALYILMAZ \u2013 Bursa Uluda\u011f \u00dcniversitesi\/T\u00fcrkiye<\/td>\n<\/tr>\n<tr>\n<td>Prof. Dr. Sonnur I\u015eITAN\u00a0\u2013 Bal\u0131kesir \u00dcniversitesi\/T\u00fcrkiye<\/td>\n<\/tr>\n<tr>\n<td>Prof. Dr. Spyridoula BELLA \u2013 Milli ve Kapodistirias Atina \u00dcniversitesi\/Yunanistan<\/td>\n<\/tr>\n<tr>\n<td>Prof. Dr. Spyridoula VARLOKOSTA \u2013 Milli ve Kapodistirias Atina \u00dcniversitesi\/Yunanistan<\/td>\n<\/tr>\n<tr>\n<td>Prof. Dr. Suat UNGAN\u00a0 \u2013\u00a0 Karadeniz Teknik \u00dcniversitesi\/T\u00fcrkiye<\/td>\n<\/tr>\n<tr>\n<td>Prof. Dr. \u015eener B\u0130LALL\u0130 \u2013 Uluslararas\u0131 Balkan \u00dcniversitesi\/Kuzey Makedonya<\/td>\n<\/tr>\n<tr>\n<td>Prof. Dr. \u015eerif Ali BOZKAPLAN \u2013 Dokuz Eyl\u00fcl \u00dcniversitesi\/T\u00fcrkiye<\/td>\n<\/tr>\n<tr>\n<td>Prof. Dr. Taisir Subhi YAMIN \u2013 ULM \u00dcniversitesi\/Almanya<\/td>\n<\/tr>\n<tr>\n<td>Prof. Dr. Yakup YILMAZ \u2013 \u0130stanbul Medeniyet \u00dcniversitesi\/T\u00fcrkiye<\/td>\n<\/tr>\n<tr>\n<td>Prof. Dr. Yavuz KARTALLIO\u011eLU \u2013 Hac\u0131 Bayram Veli \u00dcniversitesi\/T\u00fcrkiye<\/td>\n<\/tr>\n<tr>\n<td>Prof. Dr. Y\u0131lmaz DA\u015eCIO\u011eLU \u2013 Sakarya \u00dcniversitesi\/T\u00fcrkiye<\/td>\n<\/tr>\n<tr>\n<td>Prof. Dr. Zafer \u00d6nler &#8211; \u00c7anakkale Onsekiz Mart \u00dcniversitesi<\/td>\n<\/tr>\n<tr>\n<td>Do\u00e7. Dr. Adnan Y\u0131lmaz &#8211; Stirling \u00dcniversitesi \/ \u0130ngiltere<\/td>\n<\/tr>\n<tr>\n<td>Do\u00e7. Dr. Bekir \u0130NCE\u00a0 \u2013 \u0130stanbul Medeniyet \u00dcniversitesi\/T\u00fcrkiye<\/td>\n<\/tr>\n<tr>\n<td>Do\u00e7. Dr. Burak T\u00fcfek\u00e7io\u011flu &#8211; Eski\u015fehir Osmangazi \u00dcniversitesi<\/td>\n<\/tr>\n<tr>\n<td>Do\u00e7. Dr. Enes Ya\u015far &#8211; \u00c7anakkale Onsekiz Mart \u00dcniversitesi<\/td>\n<\/tr>\n<tr>\n<td>Do\u00e7. Dr. Evangelia THOMADAKI \u2013 Trakya Democritus \u00dcniversitesi\/Yunanistan<\/td>\n<\/tr>\n<tr>\n<td>Do\u00e7. Dr. Faruk POLATCAN \u2013 Sinop \u00dcniversitesi\/T\u00fcrkiye<\/td>\n<\/tr>\n<tr>\n<td>Do\u00e7. Dr. Funda \u00d6RGE YA\u015eAR &#8211; \u00c7anakkale Onsekiz Mart \u00dcniversitesi<\/td>\n<\/tr>\n<tr>\n<td>Do\u00e7. Dr. G\u00f6k\u00e7en G\u00d6\u00c7EN \u00d6ZDEM\u0130REL \u2013\u00a0\u0130stanbul Fatih Sultan Mehmet Vak\u0131f \u00dcniversitesi\/T\u00fcrkiye<\/td>\n<\/tr>\n<tr>\n<td>Do\u00e7. Dr. G\u00f6zde DEM\u0130REL FAK\u0130RO\u011eLU- \u0130stanbul \u00dcniversitesi\/T\u00fcrkiye<\/td>\n<\/tr>\n<tr>\n<td>Do\u00e7. Dr. G\u00fclden T\u00fcm &#8211; \u00c7ukurova \u00dcniversitesi<\/td>\n<\/tr>\n<tr>\n<td>Do\u00e7. Dr. Harun \u015eAH\u0130N \u2013 Gazi \u00dcniversitesi\/T\u00fcrkiye<\/td>\n<\/tr>\n<tr>\n<td>Do\u00e7. Dr. Hasan H\u00fcseyin Mutlu &#8211; Ordu \u00dcniversitesi<\/td>\n<\/tr>\n<tr>\n<td>Do\u00e7. Dr. \u0130smail \u00c7OBAN \u2013 Artvin \u00c7oruh \u00dcniversitesi\/T\u00fcrkiye<\/td>\n<\/tr>\n<tr>\n<td>Do\u00e7. Dr. Katrina TELESHUN \u2013 Kiev Milli Taras Shevchenko \u00dcniversitesi\/Ukrayna<\/td>\n<\/tr>\n<tr>\n<td>Do\u00e7. Dr. Maria IAKOVOU \u2013 Mill\u00ee ve Kapodistrias Atina \u00dcniversitesi\/Yunanistan<\/td>\n<\/tr>\n<tr>\n<td>Do\u00e7. Dr. Mariana BONDAR \u2013 Kiev Milli Dilbilim \u00dcniversitesi\/Ukrayna<\/td>\n<\/tr>\n<tr>\n<td>Do\u00e7. Dr. Marianthi GEORGALIDOU \u2013 The Aegean \u00dcniversitesi\/Yunanistan<\/td>\n<\/tr>\n<tr>\n<td>Do\u00e7. Dr. Mehmet Yal\u00e7\u0131n YILMAZ \u2013 \u0130stanbul \u00dcniversitesi\/T\u00fcrkiye<\/td>\n<\/tr>\n<tr>\n<td>Do\u00e7. Dr. Mehtap \u00d6zden &#8211; \u00c7anakkale Onsekiz Mart \u00dcniversitesi<\/td>\n<\/tr>\n<tr>\n<td>Do\u00e7. Dr. Monika HASANI \u2013 Durres \u00dcniversitesi\/Arnavutluk<\/td>\n<\/tr>\n<tr>\n<td>Do\u00e7. Dr. Mustafa Din\u00e7 &#8211; \u00c7anakkale Onsekiz Mart \u00dcniversitesi<\/td>\n<\/tr>\n<tr>\n<td>Do\u00e7. Dr. M\u00fczeyyen ALTAUNBAY \u2013 Giresun \u00dcniversitesi\/T\u00fcrkiye<\/td>\n<\/tr>\n<tr>\n<td>Do\u00e7. Dr. Nahide \u0130rem AZ\u0130ZO\u011eLU \u2013 Sakarya \u00dcniversitesi\/T\u00fcrkiye<\/td>\n<\/tr>\n<tr>\n<td>Do\u00e7. Dr. Nataliia KS\u0130ONDZIK \u2013 Kiev Milli Dilbilim \u00dcniversitesi\/Ukrayna<\/td>\n<\/tr>\n<tr>\n<td>Do\u00e7. Dr. Nataliia PRORO\u00c7ENKO \u2013 Kiev Milli Dilbilim \u00dcniversitesi\/Ukrayna<\/td>\n<\/tr>\n<tr>\n<td>Do\u00e7. Dr. Nikolaos Liazos &#8211; Makedonya \u00dcniversitesi \/ Selanik-Yunanistan<\/td>\n<\/tr>\n<tr>\n<td>Do\u00e7. Dr. Oksana GOL\u0130ETS\u00a0\u2013 Kiev Milli Dilbilim \u00dcniversitesi\/Ukrayna<\/td>\n<\/tr>\n<tr>\n<td>Do\u00e7. Dr. Onur ER \u2013 D\u00fczce \u00dcniversitesi\/T\u00fcrkiye<\/td>\n<\/tr>\n<tr>\n<td>Do\u00e7. Dr. Osman Emin \u2013 Kiril \u00dcniversitesi\/Kuzey Makedonya<\/td>\n<\/tr>\n<tr>\n<td>Do\u00e7. Dr. Sat\u0131 KUMARTA\u015eLIO\u011eLU\u00a0\u2013\u00a0Bal\u0131kesir \u00dcniversitesi\/T\u00fcrkiye<\/td>\n<\/tr>\n<tr>\n<td>Do\u00e7. Dr. Sel\u00e7uk K\u00fcr\u015fad Koca &#8211; Sakarya \u00dcniversitesi<\/td>\n<\/tr>\n<tr>\n<td>Do\u00e7. Dr. Serhat K\u00dc\u00c7\u00dcK\u00a0\u2013 \u00a0Sakarya Uygulamal\u0131 Bilimler \u00dcniversitesi\/T\u00fcrkiye<\/td>\n<\/tr>\n<tr>\n<td>Do\u00e7. Dr. Sevim \u0130nal &#8211; \u00c7anakkale Onsekiz Mart \u00dcniversitesi<\/td>\n<\/tr>\n<tr>\n<td>Do\u00e7. Dr. Sibel Kocaer &#8211; Band\u0131rma Onyedi Eyl\u00fcl \u00dcniversitesi<\/td>\n<\/tr>\n<tr>\n<td>Do\u00e7. Dr. Stavros KAMAROUDIS \u2013 Bat\u0131 Makedonya \u00dcniversitesi \/Yunanistan<\/td>\n<\/tr>\n<tr>\n<td>Do\u00e7. Dr. S\u00fcleyman BAK\u0130 \u2013 Tetova \u00dcniversitesi\/Kuzey Makedonya<\/td>\n<\/tr>\n<tr>\n<td>Do\u00e7. Dr. Tetiana TIMKOVA \u2013 Kiev Milli Dilbilim \u00dcniversitesi\/Ukrayna<\/td>\n<\/tr>\n<tr>\n<td>Do\u00e7. Dr. \u00dcmit Eker &#8211; \u00c7anakkale Onsekiz Mart \u00dcniversitesi<\/td>\n<\/tr>\n<tr>\n<td>Do\u00e7. Dr. \u00dczeyir S\u00dc\u011e\u00dcML\u00dc \u2013\u00a0Ordu \u00dcniversitesi\/T\u00fcrkiye<\/td>\n<\/tr>\n<tr>\n<td>Do\u00e7. Dr. Vasilia KOURTI KAZOULLIS \u2013 The Aegean \u00dcniversitesi\/Yunanistan<\/td>\n<\/tr>\n<tr>\n<td>Do\u00e7. Dr. Yasemin Uzun &#8211; \u00c7anakkale Onsekiz Mart \u00dcniversitesi<\/td>\n<\/tr>\n<tr>\n<td>Do\u00e7. Dr. Yusuf G\u00dcNAYDIN- Gazi \u00dcniversitesi\/T\u00fcrkiye<\/td>\n<\/tr>\n<tr>\n<td>Dr. \u00d6\u011fr. \u00dcyesi Ahmet UYSAL\u00a0\u2013\u00a0Bal\u0131kesir \u00dcniversitesi\/T\u00fcrkiye<\/td>\n<\/tr>\n<tr>\n<td>Dr. \u00d6\u011fr. \u00dcyesi Arif Edip Aksoy &#8211; \u00c7anakkale Onsekiz Mart \u00dcniversitesi<\/td>\n<\/tr>\n<tr>\n<td>Dr. \u00d6\u011fr. \u00dcyesi Azra ABADZIC\u00a0\u2013\u00a0Zagrep \u00dcniversitesi\/H\u0131rvatistan<\/td>\n<\/tr>\n<tr>\n<td>Dr. \u00d6\u011fr. \u00dcyesi Bayram YILDIZ\u00a0\u2013\u00a0Bal\u0131kesir \u00dcniversitesi\/T\u00fcrkiye<\/td>\n<\/tr>\n<tr>\n<td>Dr. \u00d6\u011fr. \u00dcyesi Elif Kaya &#8211; \u00c7anakkale Onsekiz Mart \u00dcniversitesi<\/td>\n<\/tr>\n<tr>\n<td>Dr. \u00d6\u011fr. \u00dcyesi Erhan \u00c7APO\u011eLU \u2013\u00a0Amasya \u00dcniversitesi\/T\u00fcrkiye<\/td>\n<\/tr>\n<tr>\n<td>Dr. \u00d6\u011fr. \u00dcyesi G\u00f6zde Mercan &#8211; Toronto \u00dcniversitesi \/ Kanada<\/td>\n<\/tr>\n<tr>\n<td>Dr. \u00d6\u011fr. \u00dcyesi H. Neslihan DEM\u0130R\u0130Z \u2013\u00a0\u0130stanbul Topkap\u0131 \u00dcniversitesi<\/td>\n<\/tr>\n<tr>\n<td>Dr. \u00d6\u011fr. \u00dcyesi Kemal Mutlu &#8211; Beykent \u00dcniversitesi<\/td>\n<\/tr>\n<tr>\n<td>Dr. \u00d6\u011fr. \u00dcyesi Mustafa Tekin &#8211; \u00c7anakkale Onsekiz Mart \u00dcniversitesi<\/td>\n<\/tr>\n<tr>\n<td>Dr. \u00d6\u011fr. \u00dcyesi Oya \u00d6zgat Tatan &#8211; Tokat Gaziosmanpa\u015fa \u00dcniversitesi<\/td>\n<\/tr>\n<tr>\n<td>Dr. \u00d6\u011fr. \u00dcyesi \u00d6zlem Akbulak &#8211; \u00c7anakkale Onsekiz Mart \u00dcniversitesi<\/td>\n<\/tr>\n<tr>\n<td>Dr. \u00d6\u011fr. \u00dcyesi Refide SA\u0130N\u0130 \u2013\u00a0Uluslararas\u0131 Balkan \u00dcniversitesi\/K. Makedonya<\/td>\n<\/tr>\n<tr>\n<td>Dr. \u00d6\u011fr. \u00dcyesi \u015eeyma K\u00f6kc\u00fc &#8211; Tokat Gaziosmanpa\u015fa \u00dcniversitesi<\/td>\n<\/tr>\n<tr>\n<td>Dr. \u00d6\u011fr. \u00dcyesi Tu\u011fba DEM\u0130RTA\u015e TOLAMAN- Sakarya \u00dcniversitesi\/T\u00fcrkiye<\/td>\n<\/tr>\n<tr>\n<td>Dr. Bahattin \u015e\u0130M\u015eEK \u2013 Atat\u00fcrk \u00dcniversitesi T\u00fcrkiye<\/td>\n<\/tr>\n<tr>\n<td>Dr. Barbara KEROVEC\u00a0\u2013 Zagreb\u00a0\u00dcniversitesi\/H\u0131rvatistan<\/td>\n<\/tr>\n<tr>\n<td>Dr. Cansu Aksu Raffard &#8211; Paris Yunus Emre Enstit\u00fcs\u00fc \/ Fransa<\/td>\n<\/tr>\n<tr>\n<td>Dr. D\u00fcriye G\u00d6K\u00c7EBA\u011e \u2013 K\u0131br\u0131s \u00dcniversitesi\/K\u0131br\u0131s<\/td>\n<\/tr>\n<tr>\n<td>Dr. Ekin \u015een &#8211; Essen \u00dcniversitesi \/ Almanya<\/td>\n<\/tr>\n<tr>\n<td>Dr. Eleni SKOURTOU \u2013 The Aegean \u00dcniversitesi\/Yunanistan<\/td>\n<\/tr>\n<tr>\n<td>Dr. Elif Sayar &#8211; \u0130stanbul Teknik \u00dcniversitesi<\/td>\n<\/tr>\n<tr>\n<td>Dr. Emre Bayraktar &#8211; \u0130stanbul \u00dcniversitesi-Cerrahpa\u015fa<\/td>\n<\/tr>\n<tr>\n<td>Dr. Emre YOLCU \u2013 Kafkas \u00dcniversitesi\/T\u00fcrkiye<\/td>\n<\/tr>\n<tr>\n<td>Dr. Eser Kocaman G\u00fcrata &#8211; Hacettepe \u00dcniversitesi<\/td>\n<\/tr>\n<tr>\n<td>Dr. Funda KESK\u0130N- \u0130stanbul \u00dcniversites\u015f\/T\u00dcRK\u0130YE<\/td>\n<\/tr>\n<tr>\n<td>Dr. G\u00fcl Deniz Demirel Aydemir &#8211; Hacettepe \u00dcniversitesi<\/td>\n<\/tr>\n<tr>\n<td>Dr. \u0130lker Ozan YILDIRIM\u00a0\u2013 Bal\u0131kesir \u00dcniversitesi\/T\u00fcrkiye<\/td>\n<\/tr>\n<tr>\n<td>Dr. \u0130smail Aydo\u011fdu &#8211; Sakarya \u00dcniversitesi<\/td>\n<\/tr>\n<tr>\n<td>Dr. \u0130smail Satmaz &#8211; \u00c7anakkale Onsekiz Mart \u00dcniversitesi<\/td>\n<\/tr>\n<tr>\n<td>Dr. Marta ANDRIC\u00a0\u2013\u00a0Zagreb\u00a0\u00dcniversitesi\/H\u0131rvatistan<\/td>\n<\/tr>\n<tr>\n<td>Dr. M\u00fcge Nazik Tekin &#8211; Kastamonu \u00dcniversitesi<\/td>\n<\/tr>\n<tr>\n<td>Dr. Nazmi \u015eEN\u00a0\u2013\u00a0Bal\u0131kesir \u00dcniversitesi\/T\u00fcrkiye<\/td>\n<\/tr>\n<tr>\n<td>Dr. Saadet Ebru G\u00fcler &#8211; Standford \u00dcniversitesi \/ ABD<\/td>\n<\/tr>\n<tr>\n<td>Dr. Se\u00e7il Alaca &#8211; \u0130stanbul \u00dcniversitesi<\/td>\n<\/tr>\n<tr>\n<td>Dr. Tatjana PAIC\u00a0\u2013 VUKIC\u00a0\u2013 Zagreb\u00a0\u00dcniversitesi\/H\u0131rvatistan<\/td>\n<\/tr>\n<\/tbody>\n<\/table>\n<p>[\/vc_column_text][vc_column_text css=&#8221;&#8221;]<\/p>\n<h2>Sekreterya\/Secretariat<\/h2>\n<table width=\"181\">\n<tbody>\n<tr>\n<td width=\"181\">\u0130rem G\u00fcrb\u00fcz<\/td>\n<\/tr>\n<tr>\n<td>Ebru \u00d6zdo\u011fan<\/td>\n<\/tr>\n<tr>\n<td>Tu\u011fba Akbalaban<\/td>\n<\/tr>\n<tr>\n<td>Merve \u00c7elen<\/td>\n<\/tr>\n<tr>\n<td>Enis Mete\u00a0Zorlu<\/td>\n<\/tr>\n<tr>\n<td>U\u011fur \u015eahiner<\/td>\n<\/tr>\n<\/tbody>\n<\/table>\n<p>[\/vc_column_text][\/vc_column][\/vc_row]<\/p>\n<\/div>","protected":false},"excerpt":{"rendered":"<p>[vc_row][vc_column][vc_column_text css=&#8221;&#8221;] Onursal Ba\u015fkanlar\/Honorary Chairs Do\u00e7. Dr. \u00d6mer TORAMAN \u00c7anakkale Valisi &#8211; \u00c7anakkale Governor Prof. Dr. Ramazan C\u00fcneyt ERENO\u011eLU \u00c7anakkale&hellip; <\/p>\n","protected":false},"author":1,"featured_media":0,"parent":0,"menu_order":0,"comment_status":"closed","ping_status":"closed","template":"","meta":{"footnotes":""},"class_list":["post-418","page","type-page","status-publish","hentry"],"builder_content":"","_links":{"self":[{"href":"https:\/\/icotfl2025.org\/index.php?rest_route=\/wp\/v2\/pages\/418","targetHints":{"allow":["GET"]}}],"collection":[{"href":"https:\/\/icotfl2025.org\/index.php?rest_route=\/wp\/v2\/pages"}],"about":[{"href":"https:\/\/icotfl2025.org\/index.php?rest_route=\/wp\/v2\/types\/page"}],"author":[{"embeddable":true,"href":"https:\/\/icotfl2025.org\/index.php?rest_route=\/wp\/v2\/users\/1"}],"replies":[{"embeddable":true,"href":"https:\/\/icotfl2025.org\/index.php?rest_route=%2Fwp%2Fv2%2Fcomments&post=418"}],"version-history":[{"count":16,"href":"https:\/\/icotfl2025.org\/index.php?rest_route=\/wp\/v2\/pages\/418\/revisions"}],"predecessor-version":[{"id":720,"href":"https:\/\/icotfl2025.org\/index.php?rest_route=\/wp\/v2\/pages\/418\/revisions\/720"}],"wp:attachment":[{"href":"https:\/\/icotfl2025.org\/index.php?rest_route=%2Fwp%2Fv2%2Fmedia&parent=418"}],"curies":[{"name":"wp","href":"https:\/\/api.w.org\/{rel}","templated":true}]}}