{"id":419,"date":"2025-01-20T13:06:09","date_gmt":"2025-01-20T10:06:09","guid":{"rendered":"https:\/\/icotfl2025.org\/?page_id=419"},"modified":"2025-04-15T13:41:33","modified_gmt":"2025-04-15T10:41:33","slug":"basvuru-hakkinda","status":"publish","type":"page","link":"https:\/\/icotfl2025.org\/?page_id=419","title":{"rendered":"Ba\u015fvuru Hakk\u0131nda\/About Submission"},"content":{"rendered":"<!-- wp:themify-builder\/canvas \/-->","protected":false},"excerpt":{"rendered":"Kongre ba\u015fvurular\u0131 elektronik ortamda al\u0131nacakt\u0131r. Kongre ba\u015fvurular\u0131 elektronik ortamda al\u0131nacakt\u0131r. Ba\u015fvurular\u0131n\u0131z\u0131, kongrenin ana sayfas\u0131nda yer alan \u2018Bildiri Y\u00fckle\u2019 sekmesi arac\u0131l\u0131\u011f\u0131yla&hellip; ","protected":false},"author":1,"featured_media":0,"parent":0,"menu_order":0,"comment_status":"closed","ping_status":"closed","template":"","meta":{"footnotes":""},"class_list":["post-419","page","type-page","status-publish","hentry"],"builder_content":"<p>Kongre ba\u015fvurular\u0131 elektronik ortamda al\u0131nacakt\u0131r.<\/p> <p>Kongre ba\u015fvurular\u0131 elektronik ortamda al\u0131nacakt\u0131r. Ba\u015fvurular\u0131n\u0131z\u0131, kongrenin ana sayfas\u0131nda yer alan \u2018Bildiri Y\u00fckle\u2019 sekmesi arac\u0131l\u0131\u011f\u0131yla ger\u00e7ekle\u015ftirebilirsiniz.<\/p> <p>Kongreye g\u00f6nderilen ba\u015fvurular, bilimsel niteli\u011fin ve akademik tarafs\u0131zl\u0131\u011f\u0131n sa\u011flanmas\u0131 amac\u0131yla k\u00f6r hakemlik y\u00f6ntemiyle de\u011ferlendirilecektir.<\/p> <p>Hakem s\u00fcrecinden ge\u00e7erek kabul edilen bildirilerin sahipleri, ula\u015f\u0131m ve konaklama masraflar\u0131n\u0131 kendileri kar\u015f\u0131layacakt\u0131r.<\/p> <p>Bir ki\u015fi en fazla 2 bildiri ile kongreye kat\u0131labilir.<\/p> <p>Kongre ba\u015fvuru \u00fccreti bulunmamaktad\u0131r.<\/p> <p>Kongre program\u0131 kapsam\u0131nda, 2-3 May\u0131s 2025 tarihlerinde bildiri tebli\u011fleri sunulacak; kongre tamamland\u0131ktan sonra 4 May\u0131s 2025 tarihinde ise \u00c7anakkale\u2019nin k\u00fclt\u00fcrel ve turistik zenginliklerini tan\u0131tan bir gezi d\u00fczenlenecektir.<\/p> <p>Etkinlik i\u00e7eri\u011fi daha sonra payla\u015f\u0131lacakt\u0131r.<\/p>\n<p>Submission for the congress will be electronically taken.<\/p> <p>You can submit your abstract by clicking the 'Download Notice' button on the homepage of the congress website.<\/p> <p>Submission to the congress will be evaluated through blind review process to ensure scientific quality and academic impartiality.<\/p> <p>Authors of the papers accepted through the review process will be responsible for covering their own travel and accommodation expenses.<\/p> <p>Each participant may attend the congress with a maximum of two papers.<\/p> <p>There is no submission fee for participation.<\/p> <p>As part of the congress program, paper presentations will be held on May 2-3, 2025. After the congress concludes, a cultural and sightseeing tour showcasing the historical and tourist attractions of \u00c7anakkale will be organized on May 4, 2025.<\/p> <p>The event details will be shared later.<\/p>","_links":{"self":[{"href":"https:\/\/icotfl2025.org\/index.php?rest_route=\/wp\/v2\/pages\/419","targetHints":{"allow":["GET"]}}],"collection":[{"href":"https:\/\/icotfl2025.org\/index.php?rest_route=\/wp\/v2\/pages"}],"about":[{"href":"https:\/\/icotfl2025.org\/index.php?rest_route=\/wp\/v2\/types\/page"}],"author":[{"embeddable":true,"href":"https:\/\/icotfl2025.org\/index.php?rest_route=\/wp\/v2\/users\/1"}],"replies":[{"embeddable":true,"href":"https:\/\/icotfl2025.org\/index.php?rest_route=%2Fwp%2Fv2%2Fcomments&post=419"}],"version-history":[{"count":21,"href":"https:\/\/icotfl2025.org\/index.php?rest_route=\/wp\/v2\/pages\/419\/revisions"}],"predecessor-version":[{"id":785,"href":"https:\/\/icotfl2025.org\/index.php?rest_route=\/wp\/v2\/pages\/419\/revisions\/785"}],"wp:attachment":[{"href":"https:\/\/icotfl2025.org\/index.php?rest_route=%2Fwp%2Fv2%2Fmedia&parent=419"}],"curies":[{"name":"wp","href":"https:\/\/api.w.org\/{rel}","templated":true}]}}