{"id":715,"date":"2025-03-24T13:49:13","date_gmt":"2025-03-24T10:49:13","guid":{"rendered":"https:\/\/icotfl2025.org\/?page_id=715"},"modified":"2025-03-24T13:49:14","modified_gmt":"2025-03-24T10:49:14","slug":"yazim-kurallari-spelling-rules","status":"publish","type":"page","link":"https:\/\/icotfl2025.org\/?page_id=715","title":{"rendered":"Yaz\u0131m Kurallar\u0131\/Spelling Rules"},"content":{"rendered":"<!-- wp:themify-builder\/canvas \/-->","protected":false},"excerpt":{"rendered":"\u00d6ZET \u0130\u00c7\u0130N YAZIM KURALLARIYaz\u0131 KarakteriTimes New Roman, 12 PuntoSat\u0131r aral\u0131\u011f\u0131Tek sat\u0131r (\u00f6nce ve sonra 6 nk)Ba\u015fl\u0131kKoyu, t\u00fcm harfler b\u00fcy\u00fck ve&hellip; ","protected":false},"author":1,"featured_media":0,"parent":0,"menu_order":0,"comment_status":"closed","ping_status":"closed","template":"","meta":{"footnotes":""},"class_list":["post-715","page","type-page","status-publish","hentry"],"builder_content":"<p><strong>\u00d6ZET \u0130\u00c7\u0130N YAZIM KURALLARI<\/strong><\/p><table><tbody><tr><td width=\"302\"><p><strong>Yaz\u0131 Karakteri<\/strong><\/p><\/td><td width=\"302\"><p>Times New Roman, <strong>12<\/strong> Punto<\/p><\/td><\/tr><tr><td width=\"302\"><p><strong>Sat\u0131r aral\u0131\u011f\u0131<\/strong><\/p><\/td><td width=\"302\"><p>Tek sat\u0131r (\u00f6nce ve sonra <strong>6 nk<\/strong>)<\/p><\/td><\/tr><tr><td width=\"302\"><p><strong>Ba\u015fl\u0131k<\/strong><\/p><\/td><td width=\"302\"><p>Koyu, t\u00fcm harfler b\u00fcy\u00fck ve ortal\u0131<\/p><\/td><\/tr><tr><td width=\"302\"><p><strong>Anahtar s\u00f6zc\u00fckler<\/strong><\/p><\/td><td width=\"302\"><p><strong>4-6<\/strong> s\u00f6zc\u00fck<\/p><\/td><\/tr><tr><td width=\"302\"><p><strong>S\u00f6zc\u00fck Say\u0131s\u0131<\/strong><\/p><\/td><td width=\"302\"><p><strong>200 \u2013 350<\/strong> s\u00f6zc\u00fck aras\u0131nda<\/p><\/td><\/tr><\/tbody><\/table><p><strong>\u00a0<\/strong><strong>YAZAR(LAR) ADI B\u0130LG\u0130LER\u0130<\/strong><br \/>Yazar ad\u0131, soyad\u0131 , \u00fcnvan\u0131, kurumu ve E-posta adresi \u00f6zetin \u00fcst k\u0131sm\u0131nda yer almal\u0131d\u0131r. \u00d6zetlerinizi word\/doc format\u0131nda sistem \u00fczerinden g\u00f6ndermeniz gerekmektedir.\u00a0Sorular\u0131n\u0131z i\u00e7in verilen kongre mailini kullan\u0131n\u0131z.<\/p><p><strong>NOT: Tam metinler, kongre bildirilerinin yay\u0131mlanaca\u011f\u0131 ilgili dergilerin yaz\u0131m kurallar\u0131 dikkate al\u0131narak haz\u0131rlanmal\u0131d\u0131r.<\/strong><\/p><p><strong>S\u00d6ZL\u00dc SUNUM \u0130\u00c7\u0130N\u00a0 D\u0130KKATE ED\u0130LMES\u0130 GEREKEN KURALLAR<\/strong><\/p><p>Sunum 15 dakikay\u0131 ge\u00e7memelidir.<\/p><p>Sunumun ilk slayt\u0131nda \u00e7al\u0131\u015fman\u0131n ba\u015fl\u0131\u011f\u0131, yazar\u0131n ad\u0131, soyad\u0131, kurumu ve konferans\u0131n ad\u0131 verilmelidir.<\/p>","_links":{"self":[{"href":"https:\/\/icotfl2025.org\/index.php?rest_route=\/wp\/v2\/pages\/715","targetHints":{"allow":["GET"]}}],"collection":[{"href":"https:\/\/icotfl2025.org\/index.php?rest_route=\/wp\/v2\/pages"}],"about":[{"href":"https:\/\/icotfl2025.org\/index.php?rest_route=\/wp\/v2\/types\/page"}],"author":[{"embeddable":true,"href":"https:\/\/icotfl2025.org\/index.php?rest_route=\/wp\/v2\/users\/1"}],"replies":[{"embeddable":true,"href":"https:\/\/icotfl2025.org\/index.php?rest_route=%2Fwp%2Fv2%2Fcomments&post=715"}],"version-history":[{"count":2,"href":"https:\/\/icotfl2025.org\/index.php?rest_route=\/wp\/v2\/pages\/715\/revisions"}],"predecessor-version":[{"id":717,"href":"https:\/\/icotfl2025.org\/index.php?rest_route=\/wp\/v2\/pages\/715\/revisions\/717"}],"wp:attachment":[{"href":"https:\/\/icotfl2025.org\/index.php?rest_route=%2Fwp%2Fv2%2Fmedia&parent=715"}],"curies":[{"name":"wp","href":"https:\/\/api.w.org\/{rel}","templated":true}]}}