{"id":8,"date":"2016-08-07T06:48:04","date_gmt":"2016-08-07T06:48:04","guid":{"rendered":"http:\/\/localhost\/wordpress\/event\/?page_id=4"},"modified":"2025-01-20T18:05:53","modified_gmt":"2025-01-20T15:05:53","slug":"home","status":"publish","type":"page","link":"https:\/\/icotfl2025.org\/","title":{"rendered":"Ana Sayfa"},"content":{"rendered":"<p><\/p>\n","protected":false},"excerpt":{"rendered":"","protected":false},"author":1,"featured_media":0,"parent":0,"menu_order":0,"comment_status":"closed","ping_status":"closed","template":"page-templates\/event-corporate.php","meta":{"footnotes":""},"class_list":["post-8","page","type-page","status-publish","hentry"],"builder_content":"<img src=\"https:\/\/icotfl2025.org\/wp-content\/uploads\/2025\/01\/comu-Instagram-Gonderisi.png\" title=\"\u00e7om\u00fc (\u0130nstagram G\u00f6nderisi)\" alt=\"\u00e7om\u00fc (\u0130nstagram G\u00f6nderisi)\" srcset=\"https:\/\/icotfl2025.org\/wp-content\/uploads\/2025\/01\/comu-Instagram-Gonderisi.png 1080w, https:\/\/icotfl2025.org\/wp-content\/uploads\/2025\/01\/comu-Instagram-Gonderisi-300x300.png 300w, https:\/\/icotfl2025.org\/wp-content\/uploads\/2025\/01\/comu-Instagram-Gonderisi-1024x1024.png 1024w, https:\/\/icotfl2025.org\/wp-content\/uploads\/2025\/01\/comu-Instagram-Gonderisi-150x150.png 150w, https:\/\/icotfl2025.org\/wp-content\/uploads\/2025\/01\/comu-Instagram-Gonderisi-768x768.png 768w\" sizes=\"(max-width: 1080px) 100vw, 1080px\" \/>","_links":{"self":[{"href":"https:\/\/icotfl2025.org\/index.php?rest_route=\/wp\/v2\/pages\/8","targetHints":{"allow":["GET"]}}],"collection":[{"href":"https:\/\/icotfl2025.org\/index.php?rest_route=\/wp\/v2\/pages"}],"about":[{"href":"https:\/\/icotfl2025.org\/index.php?rest_route=\/wp\/v2\/types\/page"}],"author":[{"embeddable":true,"href":"https:\/\/icotfl2025.org\/index.php?rest_route=\/wp\/v2\/users\/1"}],"replies":[{"embeddable":true,"href":"https:\/\/icotfl2025.org\/index.php?rest_route=%2Fwp%2Fv2%2Fcomments&post=8"}],"version-history":[{"count":7,"href":"https:\/\/icotfl2025.org\/index.php?rest_route=\/wp\/v2\/pages\/8\/revisions"}],"predecessor-version":[{"id":518,"href":"https:\/\/icotfl2025.org\/index.php?rest_route=\/wp\/v2\/pages\/8\/revisions\/518"}],"wp:attachment":[{"href":"https:\/\/icotfl2025.org\/index.php?rest_route=%2Fwp%2Fv2%2Fmedia&parent=8"}],"curies":[{"name":"wp","href":"https:\/\/api.w.org\/{rel}","templated":true}]}}